{"id":1156,"date":"2023-09-11T20:02:02","date_gmt":"2023-09-11T20:02:02","guid":{"rendered":"https:\/\/www.llos.ch\/?page_id=1156"},"modified":"2025-10-23T23:26:27","modified_gmt":"2025-10-23T23:26:27","slug":"verein-llos-2-0","status":"publish","type":"page","link":"https:\/\/www.llos.ch\/index.php\/verein-llos-2-0\/","title":{"rendered":"VEREIN LLOS 2.0"},"content":{"rendered":"\n<p>DIE FREIZEIT- UND EVENTHALLE!<\/p>\n\n\n\n<h2 class=\"wp-block-heading\">DER SPIELBETRIEB IST EINGESTELLT.<br>WIR HABEN LEIDER GESCHLOSSEN.<\/h2>\n\n\n\n<p><strong>BIS WIR WIEDER WAS PASSENDED GEFUNDEN HABEN, BEN\u00d6TIGEN WIR F\u00dcR DIE \u00dcBERGANGSZEIT EINE LAGERFL\u00c4CHE, HIER K\u00d6NNT IHR UNS FINANZIELL UNTERST\u00dcTZEN:<\/strong> <strong><a href=\"https:\/\/www.llos.ch\/index.php\/sponsoren\/\" target=\"_blank\" rel=\"noreferrer noopener\">G\u00f6nner Link<\/a><\/strong><\/p>\n\n\n\n<h4 class=\"wp-block-heading\"><strong>DAS LLOS &#8211; TEAM DANKT EUCH ALLEN F\u00dcR DIE TOLLE ZEIT!  <img loading=\"lazy\" decoding=\"async\" height=\"16\" width=\"16\" referrerpolicy=\"origin-when-cross-origin\" class=\"xz74otr x168nmei x13lgxp2 x5pf9jr xo71vjh\" style=\"border-radius: 0px; object-fit: fill;\" src=\"https:\/\/static.xx.fbcdn.net\/images\/emoji.php\/v9\/t75\/1\/16\/1f618.png\" alt=\"&#x1f618;\"><\/strong><\/h4>\n\n\n\n<figure class=\"wp-block-image size-large\"><img loading=\"lazy\" decoding=\"async\" width=\"1024\" height=\"717\" src=\"https:\/\/www.llos.ch\/wp-content\/uploads\/2023\/12\/Gueterbhf-Wolf-Ooben-mitLogo-1024x717.jpg\" alt=\"\" class=\"wp-image-1164\" srcset=\"https:\/\/www.llos.ch\/wp-content\/uploads\/2023\/12\/Gueterbhf-Wolf-Ooben-mitLogo-1024x717.jpg 1024w, https:\/\/www.llos.ch\/wp-content\/uploads\/2023\/12\/Gueterbhf-Wolf-Ooben-mitLogo-300x210.jpg 300w, https:\/\/www.llos.ch\/wp-content\/uploads\/2023\/12\/Gueterbhf-Wolf-Ooben-mitLogo-768x538.jpg 768w, https:\/\/www.llos.ch\/wp-content\/uploads\/2023\/12\/Gueterbhf-Wolf-Ooben-mitLogo-1200x841.jpg 1200w, https:\/\/www.llos.ch\/wp-content\/uploads\/2023\/12\/Gueterbhf-Wolf-Ooben-mitLogo.jpg 1349w\" sizes=\"auto, (max-width: 709px) 85vw, (max-width: 909px) 67vw, (max-width: 1362px) 62vw, 840px\" \/><\/figure>\n\n\n\n<figure class=\"wp-block-image size-full\"><a href=\"https:\/\/maps.app.goo.gl\/ZwdtZMWjDGfvh3Qt7\" target=\"_blank\" rel=\"noreferrer noopener\"><img loading=\"lazy\" decoding=\"async\" width=\"777\" height=\"759\" src=\"https:\/\/www.llos.ch\/wp-content\/uploads\/2024\/01\/LLOS-TITEL-klein.jpg\" alt=\"\" class=\"wp-image-1251\" srcset=\"https:\/\/www.llos.ch\/wp-content\/uploads\/2024\/01\/LLOS-TITEL-klein.jpg 777w, https:\/\/www.llos.ch\/wp-content\/uploads\/2024\/01\/LLOS-TITEL-klein-300x293.jpg 300w, https:\/\/www.llos.ch\/wp-content\/uploads\/2024\/01\/LLOS-TITEL-klein-768x750.jpg 768w\" sizes=\"auto, (max-width: 777px) 85vw, 777px\" \/><\/a><\/figure>\n\n\n\n<p><\/p>\n\n\n\n<p><strong>ABSCHLUSSVERANSTALTUNG<\/strong><\/p>\n\n\n\n<h3 class=\"wp-block-heading\">&#x1f3d3;&#x1f3c6; <span>OFFICIAL STREET WORLD CHAMPIONSHIP 2025 by LLOS <\/span><strong>&#x1f3c6;&#x1f3d3;<\/strong><\/h3>\n\n\n\n<p>Wir hatten 3 Tage Tischtennis-Action und einige \u00dcberraschungen von Freitag, 18.04. bis Sonntag, 20.04.2025.<br><br>Ein Gro\u00dfteil der SpielerInnen kamen aus den unterschiedlichsten St\u00e4dten Deutschlands: Hannover, Dresden, Berlin, Frankfurt am Main, Murg, K\u00f6ln, Bonn, Freiburg, Augsburg, Bad S\u00e4ckingen und Heidelberg. Auch die Schweiz, Frankreich, Holland, \u00d6sterreich und Italien waren vertreten.<\/p>\n\n\n\n<p>Hier die Resultate vom Turnier: <a href=\"https:\/\/live.turnonio.de\/de\/code\/FNBTRW\/info\">https:\/\/live.turnonio.de\/de\/code\/FNBTRW\/<\/a><\/p>\n\n\n\n<p><strong>DANKE ALLEN TEILNEHMERN<\/strong><\/p>\n\n\n\n<figure class=\"wp-block-image size-large\"><img loading=\"lazy\" decoding=\"async\" width=\"1024\" height=\"461\" src=\"https:\/\/www.llos.ch\/wp-content\/uploads\/2025\/04\/LLOS-DOPPEL-1024x461.jpeg\" alt=\"\" class=\"wp-image-1453\" srcset=\"https:\/\/www.llos.ch\/wp-content\/uploads\/2025\/04\/LLOS-DOPPEL-1024x461.jpeg 1024w, https:\/\/www.llos.ch\/wp-content\/uploads\/2025\/04\/LLOS-DOPPEL-300x135.jpeg 300w, https:\/\/www.llos.ch\/wp-content\/uploads\/2025\/04\/LLOS-DOPPEL-768x346.jpeg 768w, https:\/\/www.llos.ch\/wp-content\/uploads\/2025\/04\/LLOS-DOPPEL-1536x691.jpeg 1536w, https:\/\/www.llos.ch\/wp-content\/uploads\/2025\/04\/LLOS-DOPPEL-1200x540.jpeg 1200w, https:\/\/www.llos.ch\/wp-content\/uploads\/2025\/04\/LLOS-DOPPEL.jpeg 2000w\" sizes=\"auto, (max-width: 709px) 85vw, (max-width: 909px) 67vw, (max-width: 1362px) 62vw, 840px\" \/><figcaption class=\"wp-element-caption\">DOUBLE TOURNAMENT PLAYERS [Friday &amp; Saturday]<\/figcaption><\/figure>\n\n\n\n<figure class=\"wp-block-image size-large\"><img loading=\"lazy\" decoding=\"async\" width=\"1024\" height=\"461\" src=\"https:\/\/www.llos.ch\/wp-content\/uploads\/2025\/04\/LLOS-EINZEL-1024x461.jpeg\" alt=\"\" class=\"wp-image-1454\" srcset=\"https:\/\/www.llos.ch\/wp-content\/uploads\/2025\/04\/LLOS-EINZEL-1024x461.jpeg 1024w, https:\/\/www.llos.ch\/wp-content\/uploads\/2025\/04\/LLOS-EINZEL-300x135.jpeg 300w, https:\/\/www.llos.ch\/wp-content\/uploads\/2025\/04\/LLOS-EINZEL-768x346.jpeg 768w, https:\/\/www.llos.ch\/wp-content\/uploads\/2025\/04\/LLOS-EINZEL-1536x691.jpeg 1536w, https:\/\/www.llos.ch\/wp-content\/uploads\/2025\/04\/LLOS-EINZEL-1200x540.jpeg 1200w, https:\/\/www.llos.ch\/wp-content\/uploads\/2025\/04\/LLOS-EINZEL.jpeg 2000w\" sizes=\"auto, (max-width: 709px) 85vw, (max-width: 909px) 67vw, (max-width: 1362px) 62vw, 840px\" \/><figcaption class=\"wp-element-caption\">SINGLE TOURNAMENT PLAYERS [Saturday &amp; Sunday]<\/figcaption><\/figure>\n\n\n\n<p>Es war eine Freude, mit euch das letzte gro\u00dfe TT-Fest in dieser LLOS-Halle zu bespielen! DANKE!!! <strong><img loading=\"lazy\" decoding=\"async\" height=\"16\" width=\"16\" referrerpolicy=\"origin-when-cross-origin\" class=\"xz74otr x168nmei x13lgxp2 x5pf9jr xo71vjh\" style=\"border-radius: 0px; object-fit: fill;\" src=\"https:\/\/static.xx.fbcdn.net\/images\/emoji.php\/v9\/t75\/1\/16\/1f618.png\" alt=\"&#x1f618;\"><\/strong><\/p>\n\n\n\n<figure class=\"wp-block-image size-large\"><img loading=\"lazy\" decoding=\"async\" width=\"1024\" height=\"1024\" src=\"https:\/\/www.llos.ch\/wp-content\/uploads\/2025\/01\/OfficialStreetTTWorldChampionship2025-1024x1024.jpg\" alt=\"\" class=\"wp-image-1423\" srcset=\"https:\/\/www.llos.ch\/wp-content\/uploads\/2025\/01\/OfficialStreetTTWorldChampionship2025-1024x1024.jpg 1024w, https:\/\/www.llos.ch\/wp-content\/uploads\/2025\/01\/OfficialStreetTTWorldChampionship2025-300x300.jpg 300w, https:\/\/www.llos.ch\/wp-content\/uploads\/2025\/01\/OfficialStreetTTWorldChampionship2025-150x150.jpg 150w, https:\/\/www.llos.ch\/wp-content\/uploads\/2025\/01\/OfficialStreetTTWorldChampionship2025-768x768.jpg 768w, https:\/\/www.llos.ch\/wp-content\/uploads\/2025\/01\/OfficialStreetTTWorldChampionship2025-1536x1536.jpg 1536w, https:\/\/www.llos.ch\/wp-content\/uploads\/2025\/01\/OfficialStreetTTWorldChampionship2025-1200x1200.jpg 1200w, https:\/\/www.llos.ch\/wp-content\/uploads\/2025\/01\/OfficialStreetTTWorldChampionship2025.jpg 2000w\" sizes=\"auto, (max-width: 709px) 85vw, (max-width: 909px) 67vw, (max-width: 1362px) 62vw, 840px\" \/><\/figure>\n","protected":false},"excerpt":{"rendered":"<p>DIE FREIZEIT- UND EVENTHALLE! DER SPIELBETRIEB IST EINGESTELLT.WIR HABEN LEIDER GESCHLOSSEN. BIS WIR WIEDER WAS PASSENDED GEFUNDEN HABEN, BEN\u00d6TIGEN WIR F\u00dcR DIE \u00dcBERGANGSZEIT EINE LAGERFL\u00c4CHE, HIER K\u00d6NNT IHR UNS FINANZIELL UNTERST\u00dcTZEN: G\u00f6nner Link DAS LLOS &#8211; TEAM DANKT EUCH ALLEN F\u00dcR DIE TOLLE ZEIT! ABSCHLUSSVERANSTALTUNG &#x1f3d3;&#x1f3c6; OFFICIAL STREET WORLD CHAMPIONSHIP 2025 by LLOS &#x1f3c6;&#x1f3d3; Wir &hellip; <a href=\"https:\/\/www.llos.ch\/index.php\/verein-llos-2-0\/\" class=\"more-link\">Continue reading<span class=\"screen-reader-text\"> &#8220;VEREIN LLOS 2.0&#8221;<\/span><\/a><\/p>\n","protected":false},"author":1,"featured_media":0,"parent":0,"menu_order":0,"comment_status":"closed","ping_status":"closed","template":"","meta":{"footnotes":""},"class_list":["post-1156","page","type-page","status-publish","hentry"],"_links":{"self":[{"href":"https:\/\/www.llos.ch\/index.php\/wp-json\/wp\/v2\/pages\/1156","targetHints":{"allow":["GET"]}}],"collection":[{"href":"https:\/\/www.llos.ch\/index.php\/wp-json\/wp\/v2\/pages"}],"about":[{"href":"https:\/\/www.llos.ch\/index.php\/wp-json\/wp\/v2\/types\/page"}],"author":[{"embeddable":true,"href":"https:\/\/www.llos.ch\/index.php\/wp-json\/wp\/v2\/users\/1"}],"replies":[{"embeddable":true,"href":"https:\/\/www.llos.ch\/index.php\/wp-json\/wp\/v2\/comments?post=1156"}],"version-history":[{"count":182,"href":"https:\/\/www.llos.ch\/index.php\/wp-json\/wp\/v2\/pages\/1156\/revisions"}],"predecessor-version":[{"id":1637,"href":"https:\/\/www.llos.ch\/index.php\/wp-json\/wp\/v2\/pages\/1156\/revisions\/1637"}],"wp:attachment":[{"href":"https:\/\/www.llos.ch\/index.php\/wp-json\/wp\/v2\/media?parent=1156"}],"curies":[{"name":"wp","href":"https:\/\/api.w.org\/{rel}","templated":true}]}}